{"id":53,"date":"2025-11-09T13:17:11","date_gmt":"2025-11-09T13:17:11","guid":{"rendered":"https:\/\/tousdes.fr\/?page_id=53"},"modified":"2025-11-30T16:13:46","modified_gmt":"2025-11-30T16:13:46","slug":"a-propos","status":"publish","type":"page","link":"https:\/\/tousdes.fr\/index.php\/a-propos\/","title":{"rendered":"&#8230; \u00c0 propos"},"content":{"rendered":"\n<h2 class=\"wp-block-heading\">\u00c0 propos, Tous des&#8230; Le magazine c&rsquo;est quoi ?<\/h2>\n\n\n\n<div class=\"wp-block-media-text is-stacked-on-mobile is-vertically-aligned-center\" style=\"grid-template-columns:44% auto\"><figure class=\"wp-block-media-text__media\"><img loading=\"lazy\" decoding=\"async\" width=\"842\" height=\"1024\" src=\"https:\/\/tousdes.fr\/wp-content\/uploads\/2025\/11\/IMG_5098-842x1024.jpg\" alt=\"\" class=\"wp-image-228 size-full\" srcset=\"https:\/\/tousdes.fr\/wp-content\/uploads\/2025\/11\/IMG_5098-842x1024.jpg 842w, https:\/\/tousdes.fr\/wp-content\/uploads\/2025\/11\/IMG_5098-247x300.jpg 247w, https:\/\/tousdes.fr\/wp-content\/uploads\/2025\/11\/IMG_5098-768x934.jpg 768w, https:\/\/tousdes.fr\/wp-content\/uploads\/2025\/11\/IMG_5098-1263x1536.jpg 1263w, https:\/\/tousdes.fr\/wp-content\/uploads\/2025\/11\/IMG_5098.jpg 1618w\" sizes=\"auto, (max-width: 842px) 100vw, 842px\" \/><\/figure><div class=\"wp-block-media-text__content\">\n<p>Le magazine <strong>Tous des&#8230;<\/strong> est un bimensuel, pens\u00e9 et cr\u00e9\u00e9 par Cynda et F\u00e9lix, deux amoureux passionn\u00e9s l&rsquo;un de l&rsquo;autre mais aussi par des tas d&rsquo;autres choses, qui ont d\u00e9cid\u00e9 de fermer des pages et d&rsquo;en ouvrir d&rsquo;autres par le biais d&rsquo;une revue dans laquelle ils pourraient exprimer toute leur cr\u00e9ativit\u00e9.<\/p>\n\n\n\n<p>L&rsquo;objectif de ce magazine enti\u00e8rement gratuit est de faire d\u00e9couvrir \u00e0 ses lecteurs des univers, des m\u00e9tiers, des personnalit\u00e9s, des animaux, des sp\u00e9cialit\u00e9s culinaires, des films, des livres, de la musique, des loisirs ou des anecdotes sortant des sentiers battus, le tout revisit\u00e9 \u00e0 la sauce de notre duo qui ne manque pas de piquant et d&rsquo;humour.<\/p>\n\n\n\n<p>Informer, partager, faire sourire ou rire, avec des rubriques con\u00e7ues sans que jamais la notion de plaisir ne nous quitte.<\/p>\n<\/div><\/div>\n\n\n\n<h3 class=\"wp-block-heading\">Pourquoi un magazine bimensuel ?<\/h3>\n\n\n\n<div class=\"wp-block-media-text has-media-on-the-right is-stacked-on-mobile is-vertically-aligned-center\"><div class=\"wp-block-media-text__content\">\n<div class=\"wp-block-group is-content-justification-right is-nowrap is-layout-flex wp-container-core-group-is-layout-17124a9a wp-block-group-is-layout-flex\">\n<p>La r\u00e9daction de Tous des&#8230; a choisi un format bimensuel pour plusieurs raisons. <\/p>\n<\/div>\n\n\n\n<p>En effet, \u00e0 cette fr\u00e9quence, nos lecteurs n&rsquo;ont pas le temps d&rsquo;\u00e9prouver la sensation d\u00e9sagr\u00e9able de manque et n&rsquo;ont pas trop \u00e0 patienter avant de pouvoir feuilleter le prochain num\u00e9ro de leur magazine favori.<\/p>\n\n\n\n<p class=\"has-link-color wp-elements-26d6977bcaea5f3bd097a78ad6ef2df5\">Le format bimensuel permet de plus \u00e0 la r\u00e9daction d&rsquo;avoir le temps n\u00e9cessaire pour : <\/p>\n\n\n\n<ul class=\"wp-block-list\">\n<li class=\"has-contrast-dark-color has-text-color has-link-color wp-elements-36e9a2cb45a6d55e196bcb00ea5a869d\">Se pencher sur les futurs sujets des rubriques du magazine<\/li>\n\n\n\n<li class=\"has-contrast-dark-color has-text-color has-link-color wp-elements-d8a7034b86d2d55b7ea44647b99f77c7\">Effectuer une mise en page soign\u00e9e<\/li>\n\n\n\n<li class=\"has-contrast-dark-color has-text-color has-link-color wp-elements-ebef528491a2439e2788542eceaba94c\">Imprimer les quelques exemplaires papier disponibles sur demande via la rubrique <a href=\"https:\/\/tousdes.fr\/index.php\/je-veux-un-exemplaire-papier\/\"><strong>je veux un exemplaire papier<\/strong><\/a>.<\/li>\n<\/ul>\n<\/div><figure class=\"wp-block-media-text__media\"><img decoding=\"async\" src=\"https:\/\/tousdes.fr\/wp-content\/uploads\/2025\/11\/img20251022_11411137.jpg\" alt=\"\" class=\"wp-image-150 size-full\"\/><\/figure><\/div>\n\n\n\n<p><\/p>\n","protected":false},"excerpt":{"rendered":"<p>\u00c0 propos, Tous des&#8230; Le magazine c&rsquo;est quoi ? Le magazine Tous des&#8230; est un bimensuel, pens\u00e9 et cr\u00e9\u00e9 par Cynda et F\u00e9lix, deux amoureux passionn\u00e9s l&rsquo;un de l&rsquo;autre mais aussi par des tas d&rsquo;autres choses, qui ont d\u00e9cid\u00e9 de fermer des pages et d&rsquo;en ouvrir d&rsquo;autres par le biais d&rsquo;une revue dans laquelle ils [&hellip;]<\/p>\n","protected":false},"author":1,"featured_media":0,"parent":0,"menu_order":0,"comment_status":"closed","ping_status":"closed","template":"","meta":{"footnotes":""},"class_list":["post-53","page","type-page","status-publish","hentry"],"yoast_head":"<!-- This site is optimized with the Yoast SEO plugin v26.3 - https:\/\/yoast.com\/wordpress\/plugins\/seo\/ -->\n<title>... \u00c0 propos - Tous des... Le magazine<\/title>\n<meta name=\"description\" content=\"\u00c0 propos de Tous des... : tout ce que vous devez savoir sur la r\u00e9daction de votre magazine bimestriel pr\u00e9f\u00e9r\u00e9 !\" \/>\n<meta name=\"robots\" content=\"index, follow, max-snippet:-1, max-image-preview:large, max-video-preview:-1\" \/>\n<link rel=\"canonical\" href=\"https:\/\/tousdes.fr\/index.php\/a-propos\/\" \/>\n<meta property=\"og:locale\" content=\"fr_FR\" \/>\n<meta property=\"og:type\" content=\"article\" \/>\n<meta property=\"og:title\" content=\"... \u00c0 propos - Tous des... Le magazine\" \/>\n<meta property=\"og:description\" content=\"\u00c0 propos de Tous des... : tout ce que vous devez savoir sur la r\u00e9daction de votre magazine bimestriel pr\u00e9f\u00e9r\u00e9 !\" \/>\n<meta property=\"og:url\" content=\"https:\/\/tousdes.fr\/index.php\/a-propos\/\" \/>\n<meta property=\"og:site_name\" content=\"Tous des... Le magazine\" \/>\n<meta property=\"article:modified_time\" content=\"2025-11-30T16:13:46+00:00\" \/>\n<meta property=\"og:image\" content=\"https:\/\/tousdes.fr\/wp-content\/uploads\/2025\/11\/IMG_5098.jpg\" \/>\n\t<meta property=\"og:image:width\" content=\"1618\" \/>\n\t<meta property=\"og:image:height\" content=\"1967\" \/>\n\t<meta property=\"og:image:type\" content=\"image\/jpeg\" \/>\n<meta name=\"twitter:card\" content=\"summary_large_image\" \/>\n<meta name=\"twitter:label1\" content=\"Dur\u00e9e de lecture estim\u00e9e\" \/>\n\t<meta name=\"twitter:data1\" content=\"2 minutes\" \/>\n<script type=\"application\/ld+json\" class=\"yoast-schema-graph\">{\"@context\":\"https:\/\/schema.org\",\"@graph\":[{\"@type\":\"WebPage\",\"@id\":\"https:\/\/tousdes.fr\/index.php\/a-propos\/\",\"url\":\"https:\/\/tousdes.fr\/index.php\/a-propos\/\",\"name\":\"... \u00c0 propos - Tous des... Le magazine\",\"isPartOf\":{\"@id\":\"https:\/\/tousdes.fr\/#website\"},\"primaryImageOfPage\":{\"@id\":\"https:\/\/tousdes.fr\/index.php\/a-propos\/#primaryimage\"},\"image\":{\"@id\":\"https:\/\/tousdes.fr\/index.php\/a-propos\/#primaryimage\"},\"thumbnailUrl\":\"https:\/\/tousdes.fr\/wp-content\/uploads\/2025\/11\/IMG_5098-842x1024.jpg\",\"datePublished\":\"2025-11-09T13:17:11+00:00\",\"dateModified\":\"2025-11-30T16:13:46+00:00\",\"description\":\"\u00c0 propos de Tous des... : tout ce que vous devez savoir sur la r\u00e9daction de votre magazine bimestriel pr\u00e9f\u00e9r\u00e9 !\",\"breadcrumb\":{\"@id\":\"https:\/\/tousdes.fr\/index.php\/a-propos\/#breadcrumb\"},\"inLanguage\":\"fr-FR\",\"potentialAction\":[{\"@type\":\"ReadAction\",\"target\":[\"https:\/\/tousdes.fr\/index.php\/a-propos\/\"]}]},{\"@type\":\"ImageObject\",\"inLanguage\":\"fr-FR\",\"@id\":\"https:\/\/tousdes.fr\/index.php\/a-propos\/#primaryimage\",\"url\":\"https:\/\/tousdes.fr\/wp-content\/uploads\/2025\/11\/IMG_5098.jpg\",\"contentUrl\":\"https:\/\/tousdes.fr\/wp-content\/uploads\/2025\/11\/IMG_5098.jpg\",\"width\":1618,\"height\":1967},{\"@type\":\"BreadcrumbList\",\"@id\":\"https:\/\/tousdes.fr\/index.php\/a-propos\/#breadcrumb\",\"itemListElement\":[{\"@type\":\"ListItem\",\"position\":1,\"name\":\"Accueil\",\"item\":\"https:\/\/tousdes.fr\/\"},{\"@type\":\"ListItem\",\"position\":2,\"name\":\"&#8230; \u00c0 propos\"}]},{\"@type\":\"WebSite\",\"@id\":\"https:\/\/tousdes.fr\/#website\",\"url\":\"https:\/\/tousdes.fr\/\",\"name\":\"Tous des...\",\"description\":\"Tous des... Le magazine\",\"publisher\":{\"@id\":\"https:\/\/tousdes.fr\/#organization\"},\"potentialAction\":[{\"@type\":\"SearchAction\",\"target\":{\"@type\":\"EntryPoint\",\"urlTemplate\":\"https:\/\/tousdes.fr\/?s={search_term_string}\"},\"query-input\":{\"@type\":\"PropertyValueSpecification\",\"valueRequired\":true,\"valueName\":\"search_term_string\"}}],\"inLanguage\":\"fr-FR\"},{\"@type\":\"Organization\",\"@id\":\"https:\/\/tousdes.fr\/#organization\",\"name\":\"Tous des... Le magazine\",\"url\":\"https:\/\/tousdes.fr\/\",\"logo\":{\"@type\":\"ImageObject\",\"inLanguage\":\"fr-FR\",\"@id\":\"https:\/\/tousdes.fr\/#\/schema\/logo\/image\/\",\"url\":\"https:\/\/tousdes.fr\/wp-content\/uploads\/2025\/11\/cropped-Logo-Tous-des.png\",\"contentUrl\":\"https:\/\/tousdes.fr\/wp-content\/uploads\/2025\/11\/cropped-Logo-Tous-des.png\",\"width\":512,\"height\":512,\"caption\":\"Tous des... Le magazine\"},\"image\":{\"@id\":\"https:\/\/tousdes.fr\/#\/schema\/logo\/image\/\"},\"sameAs\":[\"https:\/\/www.instagram.com\/tousdes.lemagazine?igsh=MTAydGltZjJibjI1Ng==&utm_source=qr\"]}]}<\/script>\n<!-- \/ Yoast SEO plugin. -->","yoast_head_json":{"title":"... \u00c0 propos - Tous des... Le magazine","description":"\u00c0 propos de Tous des... : tout ce que vous devez savoir sur la r\u00e9daction de votre magazine bimestriel pr\u00e9f\u00e9r\u00e9 !","robots":{"index":"index","follow":"follow","max-snippet":"max-snippet:-1","max-image-preview":"max-image-preview:large","max-video-preview":"max-video-preview:-1"},"canonical":"https:\/\/tousdes.fr\/index.php\/a-propos\/","og_locale":"fr_FR","og_type":"article","og_title":"... \u00c0 propos - Tous des... Le magazine","og_description":"\u00c0 propos de Tous des... : tout ce que vous devez savoir sur la r\u00e9daction de votre magazine bimestriel pr\u00e9f\u00e9r\u00e9 !","og_url":"https:\/\/tousdes.fr\/index.php\/a-propos\/","og_site_name":"Tous des... Le magazine","article_modified_time":"2025-11-30T16:13:46+00:00","og_image":[{"width":1618,"height":1967,"url":"https:\/\/tousdes.fr\/wp-content\/uploads\/2025\/11\/IMG_5098.jpg","type":"image\/jpeg"}],"twitter_card":"summary_large_image","twitter_misc":{"Dur\u00e9e de lecture estim\u00e9e":"2 minutes"},"schema":{"@context":"https:\/\/schema.org","@graph":[{"@type":"WebPage","@id":"https:\/\/tousdes.fr\/index.php\/a-propos\/","url":"https:\/\/tousdes.fr\/index.php\/a-propos\/","name":"... \u00c0 propos - Tous des... Le magazine","isPartOf":{"@id":"https:\/\/tousdes.fr\/#website"},"primaryImageOfPage":{"@id":"https:\/\/tousdes.fr\/index.php\/a-propos\/#primaryimage"},"image":{"@id":"https:\/\/tousdes.fr\/index.php\/a-propos\/#primaryimage"},"thumbnailUrl":"https:\/\/tousdes.fr\/wp-content\/uploads\/2025\/11\/IMG_5098-842x1024.jpg","datePublished":"2025-11-09T13:17:11+00:00","dateModified":"2025-11-30T16:13:46+00:00","description":"\u00c0 propos de Tous des... : tout ce que vous devez savoir sur la r\u00e9daction de votre magazine bimestriel pr\u00e9f\u00e9r\u00e9 !","breadcrumb":{"@id":"https:\/\/tousdes.fr\/index.php\/a-propos\/#breadcrumb"},"inLanguage":"fr-FR","potentialAction":[{"@type":"ReadAction","target":["https:\/\/tousdes.fr\/index.php\/a-propos\/"]}]},{"@type":"ImageObject","inLanguage":"fr-FR","@id":"https:\/\/tousdes.fr\/index.php\/a-propos\/#primaryimage","url":"https:\/\/tousdes.fr\/wp-content\/uploads\/2025\/11\/IMG_5098.jpg","contentUrl":"https:\/\/tousdes.fr\/wp-content\/uploads\/2025\/11\/IMG_5098.jpg","width":1618,"height":1967},{"@type":"BreadcrumbList","@id":"https:\/\/tousdes.fr\/index.php\/a-propos\/#breadcrumb","itemListElement":[{"@type":"ListItem","position":1,"name":"Accueil","item":"https:\/\/tousdes.fr\/"},{"@type":"ListItem","position":2,"name":"&#8230; \u00c0 propos"}]},{"@type":"WebSite","@id":"https:\/\/tousdes.fr\/#website","url":"https:\/\/tousdes.fr\/","name":"Tous des...","description":"Tous des... Le magazine","publisher":{"@id":"https:\/\/tousdes.fr\/#organization"},"potentialAction":[{"@type":"SearchAction","target":{"@type":"EntryPoint","urlTemplate":"https:\/\/tousdes.fr\/?s={search_term_string}"},"query-input":{"@type":"PropertyValueSpecification","valueRequired":true,"valueName":"search_term_string"}}],"inLanguage":"fr-FR"},{"@type":"Organization","@id":"https:\/\/tousdes.fr\/#organization","name":"Tous des... Le magazine","url":"https:\/\/tousdes.fr\/","logo":{"@type":"ImageObject","inLanguage":"fr-FR","@id":"https:\/\/tousdes.fr\/#\/schema\/logo\/image\/","url":"https:\/\/tousdes.fr\/wp-content\/uploads\/2025\/11\/cropped-Logo-Tous-des.png","contentUrl":"https:\/\/tousdes.fr\/wp-content\/uploads\/2025\/11\/cropped-Logo-Tous-des.png","width":512,"height":512,"caption":"Tous des... Le magazine"},"image":{"@id":"https:\/\/tousdes.fr\/#\/schema\/logo\/image\/"},"sameAs":["https:\/\/www.instagram.com\/tousdes.lemagazine?igsh=MTAydGltZjJibjI1Ng==&utm_source=qr"]}]}},"_links":{"self":[{"href":"https:\/\/tousdes.fr\/index.php\/wp-json\/wp\/v2\/pages\/53","targetHints":{"allow":["GET"]}}],"collection":[{"href":"https:\/\/tousdes.fr\/index.php\/wp-json\/wp\/v2\/pages"}],"about":[{"href":"https:\/\/tousdes.fr\/index.php\/wp-json\/wp\/v2\/types\/page"}],"author":[{"embeddable":true,"href":"https:\/\/tousdes.fr\/index.php\/wp-json\/wp\/v2\/users\/1"}],"replies":[{"embeddable":true,"href":"https:\/\/tousdes.fr\/index.php\/wp-json\/wp\/v2\/comments?post=53"}],"version-history":[{"count":17,"href":"https:\/\/tousdes.fr\/index.php\/wp-json\/wp\/v2\/pages\/53\/revisions"}],"predecessor-version":[{"id":230,"href":"https:\/\/tousdes.fr\/index.php\/wp-json\/wp\/v2\/pages\/53\/revisions\/230"}],"wp:attachment":[{"href":"https:\/\/tousdes.fr\/index.php\/wp-json\/wp\/v2\/media?parent=53"}],"curies":[{"name":"wp","href":"https:\/\/api.w.org\/{rel}","templated":true}]}}