{"id":159,"date":"2025-11-22T14:59:46","date_gmt":"2025-11-22T14:59:46","guid":{"rendered":"https:\/\/tousdes.fr\/?page_id=159"},"modified":"2025-11-22T17:15:50","modified_gmt":"2025-11-22T17:15:50","slug":"je-veux-un-exemplaire-papier","status":"publish","type":"page","link":"https:\/\/tousdes.fr\/index.php\/je-veux-un-exemplaire-papier\/","title":{"rendered":"&#8230; Je veux un exemplaire papier"},"content":{"rendered":"\n<p>Le magazine Tous des&#8230; est imprim\u00e9 en format A5 en nombre tr\u00e8s tr\u00e8s limit\u00e9.<\/p>\n\n\n\n<div class=\"wp-block-media-text is-stacked-on-mobile\"><figure class=\"wp-block-media-text__media\"><img loading=\"lazy\" decoding=\"async\" width=\"612\" height=\"408\" src=\"https:\/\/tousdes.fr\/wp-content\/uploads\/2025\/11\/Boite-aux-lettres.jpeg\" alt=\"\" class=\"wp-image-175 size-full\" srcset=\"https:\/\/tousdes.fr\/wp-content\/uploads\/2025\/11\/Boite-aux-lettres.jpeg 612w, https:\/\/tousdes.fr\/wp-content\/uploads\/2025\/11\/Boite-aux-lettres-300x200.jpeg 300w\" sizes=\"auto, (max-width: 612px) 100vw, 612px\" \/><\/figure><div class=\"wp-block-media-text__content\">\n<h4 class=\"wp-block-heading has-text-align-left\">Vous en voulez un exemplaire ?<\/h4>\n\n\n\n<p class=\"has-text-align-left\">Avec joie ! Mais m\u00eame si notre revue est gratuite, sachez que des frais d&rsquo;envoi s&rsquo;\u00e9levant \u00e0 4\u20ac pour la France m\u00e9tropolitaine (d&rsquo;apr\u00e8s les estimations de Mr. Pi) sont \u00e0 pr\u00e9voir.<\/p>\n<\/div><\/div>\n\n\n\n<p>Mais si vous avez la chance de vous trouver dans notre p\u00e9rim\u00e8tre, nous nous ferons un plaisir de vous remettre votre exemplaire en main propre (promis elle le sera !).<\/p>\n\n\n\n<p class=\"has-mono-2-color has-text-color has-link-color wp-elements-0758bf4ffe01490a3a8b71603fb12d1a\">Quel que soit le cas de figure, n&rsquo;h\u00e9sitez pas \u00e0 prendre <strong><a href=\"https:\/\/tousdes.fr\/index.php\/contact\/\">contact<\/a> <\/strong>avec la r\u00e9daction.<\/p>\n","protected":false},"excerpt":{"rendered":"<p>Le magazine Tous des&#8230; est imprim\u00e9 en format A5 en nombre tr\u00e8s tr\u00e8s limit\u00e9. Vous en voulez un exemplaire ? Avec joie ! Mais m\u00eame si notre revue est gratuite, sachez que des frais d&rsquo;envoi s&rsquo;\u00e9levant \u00e0 4\u20ac pour la France m\u00e9tropolitaine (d&rsquo;apr\u00e8s les estimations de Mr. Pi) sont \u00e0 pr\u00e9voir. Mais si vous avez [&hellip;]<\/p>\n","protected":false},"author":1,"featured_media":0,"parent":0,"menu_order":0,"comment_status":"closed","ping_status":"closed","template":"","meta":{"footnotes":""},"class_list":["post-159","page","type-page","status-publish","hentry"],"yoast_head":"<!-- This site is optimized with the Yoast SEO plugin v26.3 - https:\/\/yoast.com\/wordpress\/plugins\/seo\/ -->\n<title>... Je veux un exemplaire papier - Tous des... Le magazine<\/title>\n<meta name=\"description\" content=\"Je veux un exemplaire papier du magazine Tous des... ! Il suffit de demander ! Il peut vous \u00eatre envoy\u00e9 ou remis en main propre.\" \/>\n<meta name=\"robots\" content=\"index, follow, max-snippet:-1, max-image-preview:large, max-video-preview:-1\" \/>\n<link rel=\"canonical\" href=\"https:\/\/tousdes.fr\/index.php\/je-veux-un-exemplaire-papier\/\" \/>\n<meta property=\"og:locale\" content=\"fr_FR\" \/>\n<meta property=\"og:type\" content=\"article\" \/>\n<meta property=\"og:title\" content=\"... Je veux un exemplaire papier - Tous des... Le magazine\" \/>\n<meta property=\"og:description\" content=\"Je veux un exemplaire papier du magazine Tous des... ! Il suffit de demander ! Il peut vous \u00eatre envoy\u00e9 ou remis en main propre.\" \/>\n<meta property=\"og:url\" content=\"https:\/\/tousdes.fr\/index.php\/je-veux-un-exemplaire-papier\/\" \/>\n<meta property=\"og:site_name\" content=\"Tous des... Le magazine\" \/>\n<meta property=\"article:modified_time\" content=\"2025-11-22T17:15:50+00:00\" \/>\n<meta property=\"og:image\" content=\"https:\/\/tousdes.fr\/wp-content\/uploads\/2025\/11\/Boite-aux-lettres.jpeg\" \/>\n\t<meta property=\"og:image:width\" content=\"612\" \/>\n\t<meta property=\"og:image:height\" content=\"408\" \/>\n\t<meta property=\"og:image:type\" content=\"image\/jpeg\" \/>\n<meta name=\"twitter:card\" content=\"summary_large_image\" \/>\n<meta name=\"twitter:label1\" content=\"Dur\u00e9e de lecture estim\u00e9e\" \/>\n\t<meta name=\"twitter:data1\" content=\"1 minute\" \/>\n<script type=\"application\/ld+json\" class=\"yoast-schema-graph\">{\"@context\":\"https:\/\/schema.org\",\"@graph\":[{\"@type\":\"WebPage\",\"@id\":\"https:\/\/tousdes.fr\/index.php\/je-veux-un-exemplaire-papier\/\",\"url\":\"https:\/\/tousdes.fr\/index.php\/je-veux-un-exemplaire-papier\/\",\"name\":\"... Je veux un exemplaire papier - Tous des... Le magazine\",\"isPartOf\":{\"@id\":\"https:\/\/tousdes.fr\/#website\"},\"primaryImageOfPage\":{\"@id\":\"https:\/\/tousdes.fr\/index.php\/je-veux-un-exemplaire-papier\/#primaryimage\"},\"image\":{\"@id\":\"https:\/\/tousdes.fr\/index.php\/je-veux-un-exemplaire-papier\/#primaryimage\"},\"thumbnailUrl\":\"https:\/\/tousdes.fr\/wp-content\/uploads\/2025\/11\/Boite-aux-lettres.jpeg\",\"datePublished\":\"2025-11-22T14:59:46+00:00\",\"dateModified\":\"2025-11-22T17:15:50+00:00\",\"description\":\"Je veux un exemplaire papier du magazine Tous des... ! Il suffit de demander ! Il peut vous \u00eatre envoy\u00e9 ou remis en main propre.\",\"breadcrumb\":{\"@id\":\"https:\/\/tousdes.fr\/index.php\/je-veux-un-exemplaire-papier\/#breadcrumb\"},\"inLanguage\":\"fr-FR\",\"potentialAction\":[{\"@type\":\"ReadAction\",\"target\":[\"https:\/\/tousdes.fr\/index.php\/je-veux-un-exemplaire-papier\/\"]}]},{\"@type\":\"ImageObject\",\"inLanguage\":\"fr-FR\",\"@id\":\"https:\/\/tousdes.fr\/index.php\/je-veux-un-exemplaire-papier\/#primaryimage\",\"url\":\"https:\/\/tousdes.fr\/wp-content\/uploads\/2025\/11\/Boite-aux-lettres.jpeg\",\"contentUrl\":\"https:\/\/tousdes.fr\/wp-content\/uploads\/2025\/11\/Boite-aux-lettres.jpeg\",\"width\":612,\"height\":408,\"caption\":\"Post in a German mailbox\"},{\"@type\":\"BreadcrumbList\",\"@id\":\"https:\/\/tousdes.fr\/index.php\/je-veux-un-exemplaire-papier\/#breadcrumb\",\"itemListElement\":[{\"@type\":\"ListItem\",\"position\":1,\"name\":\"Accueil\",\"item\":\"https:\/\/tousdes.fr\/\"},{\"@type\":\"ListItem\",\"position\":2,\"name\":\"&#8230; Je veux un exemplaire papier\"}]},{\"@type\":\"WebSite\",\"@id\":\"https:\/\/tousdes.fr\/#website\",\"url\":\"https:\/\/tousdes.fr\/\",\"name\":\"Tous des...\",\"description\":\"Tous des... Le magazine\",\"publisher\":{\"@id\":\"https:\/\/tousdes.fr\/#organization\"},\"potentialAction\":[{\"@type\":\"SearchAction\",\"target\":{\"@type\":\"EntryPoint\",\"urlTemplate\":\"https:\/\/tousdes.fr\/?s={search_term_string}\"},\"query-input\":{\"@type\":\"PropertyValueSpecification\",\"valueRequired\":true,\"valueName\":\"search_term_string\"}}],\"inLanguage\":\"fr-FR\"},{\"@type\":\"Organization\",\"@id\":\"https:\/\/tousdes.fr\/#organization\",\"name\":\"Tous des... Le magazine\",\"url\":\"https:\/\/tousdes.fr\/\",\"logo\":{\"@type\":\"ImageObject\",\"inLanguage\":\"fr-FR\",\"@id\":\"https:\/\/tousdes.fr\/#\/schema\/logo\/image\/\",\"url\":\"https:\/\/tousdes.fr\/wp-content\/uploads\/2025\/11\/cropped-Logo-Tous-des.png\",\"contentUrl\":\"https:\/\/tousdes.fr\/wp-content\/uploads\/2025\/11\/cropped-Logo-Tous-des.png\",\"width\":512,\"height\":512,\"caption\":\"Tous des... Le magazine\"},\"image\":{\"@id\":\"https:\/\/tousdes.fr\/#\/schema\/logo\/image\/\"},\"sameAs\":[\"https:\/\/www.instagram.com\/tousdes.lemagazine?igsh=MTAydGltZjJibjI1Ng==&utm_source=qr\"]}]}<\/script>\n<!-- \/ Yoast SEO plugin. -->","yoast_head_json":{"title":"... Je veux un exemplaire papier - Tous des... Le magazine","description":"Je veux un exemplaire papier du magazine Tous des... ! Il suffit de demander ! Il peut vous \u00eatre envoy\u00e9 ou remis en main propre.","robots":{"index":"index","follow":"follow","max-snippet":"max-snippet:-1","max-image-preview":"max-image-preview:large","max-video-preview":"max-video-preview:-1"},"canonical":"https:\/\/tousdes.fr\/index.php\/je-veux-un-exemplaire-papier\/","og_locale":"fr_FR","og_type":"article","og_title":"... Je veux un exemplaire papier - Tous des... Le magazine","og_description":"Je veux un exemplaire papier du magazine Tous des... ! Il suffit de demander ! Il peut vous \u00eatre envoy\u00e9 ou remis en main propre.","og_url":"https:\/\/tousdes.fr\/index.php\/je-veux-un-exemplaire-papier\/","og_site_name":"Tous des... Le magazine","article_modified_time":"2025-11-22T17:15:50+00:00","og_image":[{"width":612,"height":408,"url":"https:\/\/tousdes.fr\/wp-content\/uploads\/2025\/11\/Boite-aux-lettres.jpeg","type":"image\/jpeg"}],"twitter_card":"summary_large_image","twitter_misc":{"Dur\u00e9e de lecture estim\u00e9e":"1 minute"},"schema":{"@context":"https:\/\/schema.org","@graph":[{"@type":"WebPage","@id":"https:\/\/tousdes.fr\/index.php\/je-veux-un-exemplaire-papier\/","url":"https:\/\/tousdes.fr\/index.php\/je-veux-un-exemplaire-papier\/","name":"... Je veux un exemplaire papier - Tous des... Le magazine","isPartOf":{"@id":"https:\/\/tousdes.fr\/#website"},"primaryImageOfPage":{"@id":"https:\/\/tousdes.fr\/index.php\/je-veux-un-exemplaire-papier\/#primaryimage"},"image":{"@id":"https:\/\/tousdes.fr\/index.php\/je-veux-un-exemplaire-papier\/#primaryimage"},"thumbnailUrl":"https:\/\/tousdes.fr\/wp-content\/uploads\/2025\/11\/Boite-aux-lettres.jpeg","datePublished":"2025-11-22T14:59:46+00:00","dateModified":"2025-11-22T17:15:50+00:00","description":"Je veux un exemplaire papier du magazine Tous des... ! Il suffit de demander ! Il peut vous \u00eatre envoy\u00e9 ou remis en main propre.","breadcrumb":{"@id":"https:\/\/tousdes.fr\/index.php\/je-veux-un-exemplaire-papier\/#breadcrumb"},"inLanguage":"fr-FR","potentialAction":[{"@type":"ReadAction","target":["https:\/\/tousdes.fr\/index.php\/je-veux-un-exemplaire-papier\/"]}]},{"@type":"ImageObject","inLanguage":"fr-FR","@id":"https:\/\/tousdes.fr\/index.php\/je-veux-un-exemplaire-papier\/#primaryimage","url":"https:\/\/tousdes.fr\/wp-content\/uploads\/2025\/11\/Boite-aux-lettres.jpeg","contentUrl":"https:\/\/tousdes.fr\/wp-content\/uploads\/2025\/11\/Boite-aux-lettres.jpeg","width":612,"height":408,"caption":"Post in a German mailbox"},{"@type":"BreadcrumbList","@id":"https:\/\/tousdes.fr\/index.php\/je-veux-un-exemplaire-papier\/#breadcrumb","itemListElement":[{"@type":"ListItem","position":1,"name":"Accueil","item":"https:\/\/tousdes.fr\/"},{"@type":"ListItem","position":2,"name":"&#8230; Je veux un exemplaire papier"}]},{"@type":"WebSite","@id":"https:\/\/tousdes.fr\/#website","url":"https:\/\/tousdes.fr\/","name":"Tous des...","description":"Tous des... Le magazine","publisher":{"@id":"https:\/\/tousdes.fr\/#organization"},"potentialAction":[{"@type":"SearchAction","target":{"@type":"EntryPoint","urlTemplate":"https:\/\/tousdes.fr\/?s={search_term_string}"},"query-input":{"@type":"PropertyValueSpecification","valueRequired":true,"valueName":"search_term_string"}}],"inLanguage":"fr-FR"},{"@type":"Organization","@id":"https:\/\/tousdes.fr\/#organization","name":"Tous des... Le magazine","url":"https:\/\/tousdes.fr\/","logo":{"@type":"ImageObject","inLanguage":"fr-FR","@id":"https:\/\/tousdes.fr\/#\/schema\/logo\/image\/","url":"https:\/\/tousdes.fr\/wp-content\/uploads\/2025\/11\/cropped-Logo-Tous-des.png","contentUrl":"https:\/\/tousdes.fr\/wp-content\/uploads\/2025\/11\/cropped-Logo-Tous-des.png","width":512,"height":512,"caption":"Tous des... Le magazine"},"image":{"@id":"https:\/\/tousdes.fr\/#\/schema\/logo\/image\/"},"sameAs":["https:\/\/www.instagram.com\/tousdes.lemagazine?igsh=MTAydGltZjJibjI1Ng==&utm_source=qr"]}]}},"_links":{"self":[{"href":"https:\/\/tousdes.fr\/index.php\/wp-json\/wp\/v2\/pages\/159","targetHints":{"allow":["GET"]}}],"collection":[{"href":"https:\/\/tousdes.fr\/index.php\/wp-json\/wp\/v2\/pages"}],"about":[{"href":"https:\/\/tousdes.fr\/index.php\/wp-json\/wp\/v2\/types\/page"}],"author":[{"embeddable":true,"href":"https:\/\/tousdes.fr\/index.php\/wp-json\/wp\/v2\/users\/1"}],"replies":[{"embeddable":true,"href":"https:\/\/tousdes.fr\/index.php\/wp-json\/wp\/v2\/comments?post=159"}],"version-history":[{"count":38,"href":"https:\/\/tousdes.fr\/index.php\/wp-json\/wp\/v2\/pages\/159\/revisions"}],"predecessor-version":[{"id":214,"href":"https:\/\/tousdes.fr\/index.php\/wp-json\/wp\/v2\/pages\/159\/revisions\/214"}],"wp:attachment":[{"href":"https:\/\/tousdes.fr\/index.php\/wp-json\/wp\/v2\/media?parent=159"}],"curies":[{"name":"wp","href":"https:\/\/api.w.org\/{rel}","templated":true}]}}